{"id":334,"date":"2021-11-15T08:46:14","date_gmt":"2021-11-15T08:46:14","guid":{"rendered":"https:\/\/espaisperconviure.es\/?page_id=334"},"modified":"2021-11-29T16:43:55","modified_gmt":"2021-11-29T16:43:55","slug":"contacte","status":"publish","type":"page","link":"https:\/\/espaisperconviure.es\/vl\/contacte\/","title":{"rendered":"Contacte"},"content":{"rendered":"<p>[et_pb_section fb_built=&#8221;1&#8243; custom_padding_last_edited=&#8221;on|desktop&#8221; disabled_on=&#8221;on|on|on&#8221; admin_label=&#8221;section&#8221; _builder_version=&#8221;3.22&#8243; background_color=&#8221;rgba(210,183,232,0.58)&#8221; custom_padding=&#8221;20px|||&#8221; custom_padding_tablet=&#8221;50px|0|50px|0&#8243; custom_padding_phone=&#8221;&#8221; transparent_background=&#8221;off&#8221; padding_mobile=&#8221;off&#8221; make_fullwidth=&#8221;off&#8221; use_custom_width=&#8221;off&#8221; width_unit=&#8221;on&#8221; custom_width_px=&#8221;1080px&#8221; custom_width_percent=&#8221;80%&#8221; disabled=&#8221;on&#8221; global_colors_info=&#8221;{}&#8221;][et_pb_row column_structure=&#8221;2_3,1_3&#8243; padding_mobile=&#8221;off&#8221; column_padding_mobile=&#8221;on&#8221; admin_label=&#8221;row&#8221; _builder_version=&#8221;3.25&#8243; background_size=&#8221;initial&#8221; background_position=&#8221;top_left&#8221; background_repeat=&#8221;repeat&#8221; custom_padding=&#8221;0px|||&#8221; make_fullwidth=&#8221;off&#8221; use_custom_width=&#8221;off&#8221; width_unit=&#8221;on&#8221; custom_width_px=&#8221;1080px&#8221; custom_width_percent=&#8221;80%&#8221; global_colors_info=&#8221;{}&#8221;][et_pb_column type=&#8221;2_3&#8243; _builder_version=&#8221;3.25&#8243; custom_padding=&#8221;|||&#8221; global_colors_info=&#8221;{}&#8221; custom_padding__hover=&#8221;|||&#8221;][et_pb_text admin_label=&#8221;Texto&#8221; _builder_version=&#8221;3.27.4&#8243; background_size=&#8221;initial&#8221; background_position=&#8221;top_left&#8221; background_repeat=&#8221;repeat&#8221; text_orientation=&#8221;justified&#8221; use_border_color=&#8221;off&#8221; border_style=&#8221;solid&#8221; global_colors_info=&#8221;{}&#8221;]<\/p>\n<h1><span style=\"color: #000000;\">Formulario de contacto<\/span><\/h1>\n<p><span style=\"color: #000000;\">Solicite presupuesto GRATIS y SIN COMPROMISO, rellenando este formulario. Atenci\u00f3n al cliente 24 horas. Precios sin competencia.<\/span><br \/>\n[\/et_pb_text][et_pb_text admin_label=&#8221;Texto&#8221; _builder_version=&#8221;3.27.4&#8243; text_text_color=&#8221;#ffffff&#8221; text_font_size=&#8221;26&#8243; background_color=&#8221;#a043e8&#8243; background_size=&#8221;initial&#8221; background_position=&#8221;top_left&#8221; background_repeat=&#8221;repeat&#8221; custom_padding=&#8221;15px|15px|15px|15px&#8221; use_border_color=&#8221;off&#8221; border_style=&#8221;solid&#8221; global_colors_info=&#8221;{}&#8221;]Solicitud de Presupuesto<br \/>\n[\/et_pb_text][et_pb_text admin_label=&#8221;Texto&#8221; _builder_version=&#8221;4.4.0&#8243; background_size=&#8221;initial&#8221; background_position=&#8221;top_left&#8221; background_repeat=&#8221;repeat&#8221; use_border_color=&#8221;off&#8221; border_style=&#8221;solid&#8221; global_colors_info=&#8221;{}&#8221;]<span style=\"color: #000000;\">\n<div class=\"wpcf7 no-js\" id=\"wpcf7-f103-o1\" lang=\"es-ES\" dir=\"ltr\" data-wpcf7-id=\"103\">\n<div class=\"screen-reader-response\"><p role=\"status\" aria-live=\"polite\" aria-atomic=\"true\"><\/p> <ul><\/ul><\/div>\n<form action=\"\/vl\/wp-json\/wp\/v2\/pages\/334#wpcf7-f103-o1\" method=\"post\" class=\"wpcf7-form init\" aria-label=\"Contact form\" novalidate=\"novalidate\" data-status=\"init\">\n<fieldset class=\"hidden-fields-container\"><input type=\"hidden\" name=\"_wpcf7\" value=\"103\" \/><input type=\"hidden\" name=\"_wpcf7_version\" value=\"6.1.5\" \/><input type=\"hidden\" name=\"_wpcf7_locale\" value=\"es_ES\" \/><input type=\"hidden\" name=\"_wpcf7_unit_tag\" value=\"wpcf7-f103-o1\" \/><input type=\"hidden\" name=\"_wpcf7_container_post\" value=\"0\" \/><input type=\"hidden\" name=\"_wpcf7_posted_data_hash\" value=\"\" \/>\n<\/fieldset>\n<p><label> Nombre (requerido)<br \/>\n<span class=\"wpcf7-form-control-wrap\" data-name=\"nombre\"><input size=\"40\" maxlength=\"400\" class=\"wpcf7-form-control wpcf7-text wpcf7-validates-as-required\" aria-required=\"true\" aria-invalid=\"false\" value=\"\" type=\"text\" name=\"nombre\" \/><\/span> <\/label>\n<\/p>\n<p><label> Correo electr\u00f3nico (requerido)<br \/>\n<span class=\"wpcf7-form-control-wrap\" data-name=\"email\"><input size=\"40\" maxlength=\"400\" class=\"wpcf7-form-control wpcf7-email wpcf7-validates-as-required wpcf7-text wpcf7-validates-as-email\" aria-required=\"true\" aria-invalid=\"false\" value=\"\" type=\"email\" name=\"email\" \/><\/span> <\/label>\n<\/p>\n<p><label> Tel\u00e9fono<br \/>\n<span class=\"wpcf7-form-control-wrap\" data-name=\"telefono\"><input size=\"40\" maxlength=\"400\" class=\"wpcf7-form-control wpcf7-text\" aria-invalid=\"false\" value=\"\" type=\"text\" name=\"telefono\" \/><\/span> <\/label>\n<\/p>\n<p><label> N\u00famero de Viviendas, garages y trasteros<br \/>\n<span class=\"wpcf7-form-control-wrap\" data-name=\"numero\"><input size=\"40\" maxlength=\"400\" class=\"wpcf7-form-control wpcf7-text\" aria-invalid=\"false\" value=\"\" type=\"text\" name=\"numero\" \/><\/span> <\/label>\n<\/p>\n<p><span class=\"wpcf7-form-control-wrap\" data-name=\"acceptance-264\"><span class=\"wpcf7-form-control wpcf7-acceptance\"><span class=\"wpcf7-list-item\"><input type=\"checkbox\" name=\"acceptance-264\" value=\"1\" aria-invalid=\"false\" \/><\/span><\/span><\/span>Acepto las <a href=\"http:\/\/www.espaisperconviure.es\/proteccion_datos.php\">condiciones de Protecci\u00f3n de Datos y Aviso Legal<\/a>\n<\/p>\n<p><input class=\"wpcf7-form-control wpcf7-submit has-spinner\" type=\"submit\" value=\"Enviar\" \/>\n<\/p><div class=\"wpcf7-response-output\" aria-hidden=\"true\"><\/div>\n<\/form>\n<\/div>\n<\/span><br \/>\n[\/et_pb_text][\/et_pb_column][et_pb_column type=&#8221;1_3&#8243; _builder_version=&#8221;3.25&#8243; custom_padding=&#8221;|||&#8221; global_colors_info=&#8221;{}&#8221; custom_padding__hover=&#8221;|||&#8221;][et_pb_text admin_label=&#8221;Texto&#8221; _builder_version=&#8221;4.0.6&#8243; background_size=&#8221;initial&#8221; background_position=&#8221;top_left&#8221; background_repeat=&#8221;repeat&#8221; use_border_color=&#8221;off&#8221; border_style=&#8221;solid&#8221; global_colors_info=&#8221;{}&#8221;]<\/p>\n<h3><\/h3>\n<h3><span style=\"color: #000000;\"><strong>Espais per Conviure Coop.V<\/strong><\/span><\/h3>\n<p><span style=\"color: #000000;\">Pza. de Honduras,\u00a026<\/span><\/p>\n<p><span style=\"color: #000000;\">46022-Valencia<\/span><\/p>\n<p><span style=\"color: #000000;\"><strong>Tel\u00e9fono<\/strong>: 602691517 &#8211; 693760204<br \/>\n<\/span><\/p>\n<p><span style=\"color: #000000;\"><strong>Correo Electr\u00f3nico<\/strong>:<\/span> <span style=\"color: #800080;\"><a class=\"morado\" style=\"color: #800080;\" href=\"mailto:info@espaisperconviure.es\">info@espaisperconviure.es<\/a><\/span><\/p>\n<p>&nbsp;<br \/>\n[\/et_pb_text][\/et_pb_column][\/et_pb_row][\/et_pb_section][et_pb_section fb_built=&#8221;1&#8243; admin_label=&#8221;About Section&#8221; _builder_version=&#8221;4.13.0&#8243; background_color_gradient_start=&#8221;#ffffff&#8221; background_color_gradient_end=&#8221;#e8eefc&#8221; custom_padding=&#8221;3px|0px|5px|0px||&#8221; locked=&#8221;off&#8221; global_colors_info=&#8221;{}&#8221;][et_pb_row column_structure=&#8221;1_3,2_3&#8243; _builder_version=&#8221;3.25&#8243; custom_margin=&#8221;||70px|&#8221; global_colors_info=&#8221;{}&#8221;][et_pb_column type=&#8221;1_3&#8243; _builder_version=&#8221;3.25&#8243; custom_padding=&#8221;|||&#8221; global_colors_info=&#8221;{}&#8221; custom_padding__hover=&#8221;|||&#8221;][et_pb_text _builder_version=&#8221;4.13.1&#8243; text_font=&#8221;Lato||||||||&#8221; text_text_color=&#8221;#898f99&#8243; text_font_size=&#8221;18px&#8221; text_line_height=&#8221;2em&#8221; header_font=&#8221;||||||||&#8221; header_2_font=&#8221;Lato||||||||&#8221; header_3_font=&#8221;Lato|700|||||||&#8221; header_3_font_size=&#8221;36px&#8221; header_3_line_height=&#8221;1.5em&#8221; custom_margin=&#8221;||||false|false&#8221; global_colors_info=&#8221;{}&#8221;]<\/p>\n<h3>Contacte<\/h3>\n<p>[\/et_pb_text][et_pb_text admin_label=&#8221;Texto&#8221; _builder_version=&#8221;4.14.1&#8243; background_size=&#8221;initial&#8221; background_position=&#8221;top_left&#8221; background_repeat=&#8221;repeat&#8221; hover_enabled=&#8221;0&#8243; use_border_color=&#8221;off&#8221; border_style=&#8221;solid&#8221; global_colors_info=&#8221;{}&#8221; sticky_enabled=&#8221;0&#8243;]<\/p>\n<h3>\u00a0<\/h3>\n<h3><span style=\"color: #000000;\"><strong>Espais per Conviure Coop.V<\/strong><\/span><\/h3>\n<p><span style=\"color: #000000;\">Pza. de Honduras,\u00a026<\/span><\/p>\n<p><span style=\"color: #000000;\">46022-Valencia<\/span><\/p>\n<p><span style=\"color: #000000;\"><strong>Tel\u00e8fon<\/strong>: 602691517 &#8211; 693760204<br \/><\/span><\/p>\n<p><span style=\"color: #000000;\"><strong>Correu Electr\u00f3nic<\/strong>:<\/span> <a href=\"mailto:info@espaiscoop.es\">info@espaiscoop.es<\/a><\/p>\n<p>&nbsp;<\/p>\n<p>[\/et_pb_text][\/et_pb_column][et_pb_column type=&#8221;2_3&#8243; _builder_version=&#8221;3.25&#8243; custom_padding=&#8221;|||&#8221; global_colors_info=&#8221;{}&#8221; custom_padding__hover=&#8221;|||&#8221;][et_pb_text _builder_version=&#8221;4.13.1&#8243; _module_preset=&#8221;default&#8221; global_colors_info=&#8221;{}&#8221;]<\/p>\n<p><span style=\"color: #000000;\">Demane presupost GRATIS i SENSE COMPROM\u00cdS, omplint aquest formulari. Atenci\u00f3 al clien 24 hores. Preus sense compet\u00e8ncia.<\/span><\/p>\n<p>[\/et_pb_text][et_pb_contact_form email=&#8221;info@espaisperconviure.es&#8221; submit_button_text=&#8221;Enviar&#8221; _builder_version=&#8221;4.13.1&#8243; _module_preset=&#8221;default&#8221; _unique_id=&#8221;30812367-ab69-436c-b8b8-207c64017087&#8243; global_colors_info=&#8221;{}&#8221;][et_pb_contact_field field_id=&#8221;Name&#8221; field_title=&#8221;Nombre&#8221; _builder_version=&#8221;3.16&#8243; global_colors_info=&#8221;{}&#8221; button_text_size__hover_enabled=&#8221;off&#8221; button_one_text_size__hover_enabled=&#8221;off&#8221; button_two_text_size__hover_enabled=&#8221;off&#8221; button_text_color__hover_enabled=&#8221;off&#8221; button_one_text_color__hover_enabled=&#8221;off&#8221; button_two_text_color__hover_enabled=&#8221;off&#8221; button_border_width__hover_enabled=&#8221;off&#8221; button_one_border_width__hover_enabled=&#8221;off&#8221; button_two_border_width__hover_enabled=&#8221;off&#8221; button_border_color__hover_enabled=&#8221;off&#8221; button_one_border_color__hover_enabled=&#8221;off&#8221; button_two_border_color__hover_enabled=&#8221;off&#8221; button_border_radius__hover_enabled=&#8221;off&#8221; button_one_border_radius__hover_enabled=&#8221;off&#8221; button_two_border_radius__hover_enabled=&#8221;off&#8221; button_letter_spacing__hover_enabled=&#8221;off&#8221; button_one_letter_spacing__hover_enabled=&#8221;off&#8221; button_two_letter_spacing__hover_enabled=&#8221;off&#8221; button_bg_color__hover_enabled=&#8221;off&#8221; button_one_bg_color__hover_enabled=&#8221;off&#8221; button_two_bg_color__hover_enabled=&#8221;off&#8221;][\/et_pb_contact_field][et_pb_contact_field field_id=&#8221;Email&#8221; field_title=&#8221;Direcci\u00f3n de correo electr\u00f3nico&#8221; field_type=&#8221;email&#8221; _builder_version=&#8221;3.16&#8243; global_colors_info=&#8221;{}&#8221; button_text_size__hover_enabled=&#8221;off&#8221; button_one_text_size__hover_enabled=&#8221;off&#8221; button_two_text_size__hover_enabled=&#8221;off&#8221; button_text_color__hover_enabled=&#8221;off&#8221; button_one_text_color__hover_enabled=&#8221;off&#8221; button_two_text_color__hover_enabled=&#8221;off&#8221; button_border_width__hover_enabled=&#8221;off&#8221; button_one_border_width__hover_enabled=&#8221;off&#8221; button_two_border_width__hover_enabled=&#8221;off&#8221; button_border_color__hover_enabled=&#8221;off&#8221; button_one_border_color__hover_enabled=&#8221;off&#8221; button_two_border_color__hover_enabled=&#8221;off&#8221; button_border_radius__hover_enabled=&#8221;off&#8221; button_one_border_radius__hover_enabled=&#8221;off&#8221; button_two_border_radius__hover_enabled=&#8221;off&#8221; button_letter_spacing__hover_enabled=&#8221;off&#8221; button_one_letter_spacing__hover_enabled=&#8221;off&#8221; button_two_letter_spacing__hover_enabled=&#8221;off&#8221; button_bg_color__hover_enabled=&#8221;off&#8221; button_one_bg_color__hover_enabled=&#8221;off&#8221; button_two_bg_color__hover_enabled=&#8221;off&#8221;][\/et_pb_contact_field][et_pb_contact_field field_id=&#8221;Telefono&#8221; field_title=&#8221;Tel\u00e9fono&#8221; _builder_version=&#8221;4.13.0&#8243; _module_preset=&#8221;default&#8221; global_colors_info=&#8221;{}&#8221;][\/et_pb_contact_field][et_pb_contact_field field_id=&#8221;Viviendas&#8221; field_title=&#8221; N\u00famero de Viviendas, garages y trasteros&#8221; fullwidth_field=&#8221;on&#8221; _builder_version=&#8221;4.13.0&#8243; _module_preset=&#8221;default&#8221; global_colors_info=&#8221;{}&#8221;][\/et_pb_contact_field][et_pb_contact_field field_id=&#8221;Field_5&#8243; field_title=&#8221; &#8221; field_type=&#8221;checkbox&#8221; checkbox_options=&#8221;%91{%22value%22:%22Acepto las condiciones de Protecci\u00f3n de Datos y Aviso Legal%22,%22checked%22:0,%22dragID%22:-1,%22link_url%22:%22https:\/\/espaisperconviure.es\/politica-privacidad\/%22,%22link_text%22:%22Pol\u00edtica Privacidad%22}%93&#8243; fullwidth_field=&#8221;on&#8221; _builder_version=&#8221;4.13.1&#8243; _module_preset=&#8221;default&#8221; global_colors_info=&#8221;{}&#8221;][\/et_pb_contact_field][\/et_pb_contact_form][\/et_pb_column][\/et_pb_row][\/et_pb_section]<\/p>\n","protected":false},"excerpt":{"rendered":"<p>Formulario de contacto Solicite presupuesto GRATIS y SIN COMPROMISO, rellenando este formulario. Atenci\u00f3n al cliente 24 horas. Precios sin competencia. Solicitud de Presupuesto \n<div class=\"wpcf7 no-js\" id=\"wpcf7-f103-o2\" lang=\"es-ES\" dir=\"ltr\" data-wpcf7-id=\"103\">\n<div class=\"screen-reader-response\"><p role=\"status\" aria-live=\"polite\" aria-atomic=\"true\"><\/p> <ul><\/ul><\/div>\n<form action=\"\/vl\/wp-json\/wp\/v2\/pages\/334#wpcf7-f103-o2\" method=\"post\" class=\"wpcf7-form init\" aria-label=\"Contact form\" novalidate=\"novalidate\" data-status=\"init\">\n<fieldset class=\"hidden-fields-container\"><input type=\"hidden\" name=\"_wpcf7\" value=\"103\" \/><input type=\"hidden\" name=\"_wpcf7_version\" value=\"6.1.5\" \/><input type=\"hidden\" name=\"_wpcf7_locale\" value=\"es_ES\" \/><input type=\"hidden\" name=\"_wpcf7_unit_tag\" value=\"wpcf7-f103-o2\" \/><input type=\"hidden\" name=\"_wpcf7_container_post\" value=\"0\" \/><input type=\"hidden\" name=\"_wpcf7_posted_data_hash\" value=\"\" \/>\n<\/fieldset>\n<p><label> Nombre (requerido)<br \/>\n<span class=\"wpcf7-form-control-wrap\" data-name=\"nombre\"><input size=\"40\" maxlength=\"400\" class=\"wpcf7-form-control wpcf7-text wpcf7-validates-as-required\" aria-required=\"true\" aria-invalid=\"false\" value=\"\" type=\"text\" name=\"nombre\" \/><\/span> <\/label>\n<\/p>\n<p><label> Correo electr\u00f3nico (requerido)<br \/>\n<span class=\"wpcf7-form-control-wrap\" data-name=\"email\"><input size=\"40\" maxlength=\"400\" class=\"wpcf7-form-control wpcf7-email wpcf7-validates-as-required wpcf7-text wpcf7-validates-as-email\" aria-required=\"true\" aria-invalid=\"false\" value=\"\" type=\"email\" name=\"email\" \/><\/span> <\/label>\n<\/p>\n<p><label> Tel\u00e9fono<br \/>\n<span class=\"wpcf7-form-control-wrap\" data-name=\"telefono\"><input size=\"40\" maxlength=\"400\" class=\"wpcf7-form-control wpcf7-text\" aria-invalid=\"false\" value=\"\" type=\"text\" name=\"telefono\" \/><\/span> <\/label>\n<\/p>\n<p><label> N\u00famero de Viviendas, garages y trasteros<br \/>\n<span class=\"wpcf7-form-control-wrap\" data-name=\"numero\"><input size=\"40\" maxlength=\"400\" class=\"wpcf7-form-control wpcf7-text\" aria-invalid=\"false\" value=\"\" type=\"text\" name=\"numero\" \/><\/span> <\/label>\n<\/p>\n<p><span class=\"wpcf7-form-control-wrap\" data-name=\"acceptance-264\"><span class=\"wpcf7-form-control wpcf7-acceptance\"><span class=\"wpcf7-list-item\"><input type=\"checkbox\" name=\"acceptance-264\" value=\"1\" aria-invalid=\"false\" \/><\/span><\/span><\/span>Acepto las <a href=\"http:\/\/www.espaisperconviure.es\/proteccion_datos.php\">condiciones de Protecci\u00f3n de Datos y Aviso Legal<\/a>\n<\/p>\n<p><input class=\"wpcf7-form-control wpcf7-submit has-spinner\" type=\"submit\" value=\"Enviar\" \/>\n<\/p><div class=\"wpcf7-response-output\" aria-hidden=\"true\"><\/div>\n<\/form>\n<\/div>\n Espais per Conviure Coop.V Pza. de Honduras,\u00a026 46022-Valencia Tel\u00e9fono: 602691517 &#8211; 693760204 Correo Electr\u00f3nico: info@espaisperconviure.es &nbsp; Contacte\u00a0 Espais per Conviure Coop.V Pza. de Honduras,\u00a026 46022-Valencia Tel\u00e8fon: [&hellip;]<\/p>\n","protected":false},"author":1,"featured_media":0,"parent":0,"menu_order":0,"comment_status":"closed","ping_status":"closed","template":"","meta":{"_et_pb_use_builder":"on","_et_pb_old_content":"<p>[et_pb_section fb_built=\"1\" custom_padding_last_edited=\"on|desktop\" admin_label=\"section\" _builder_version=\"3.22\" background_color=\"rgba(210,183,232,0.58)\" custom_padding=\"20px|||\" custom_padding_tablet=\"50px|0|50px|0\" custom_padding_phone=\"\" transparent_background=\"off\" padding_mobile=\"off\" make_fullwidth=\"off\" use_custom_width=\"off\" width_unit=\"on\" custom_width_px=\"1080px\" custom_width_percent=\"80%\" global_colors_info=\"{}\" disabled_on=\"on|on|on\" disabled=\"on\"][et_pb_row column_structure=\"2_3,1_3\" padding_mobile=\"off\" column_padding_mobile=\"on\" admin_label=\"row\" _builder_version=\"3.25\" background_size=\"initial\" background_position=\"top_left\" background_repeat=\"repeat\" custom_padding=\"0px|||\" make_fullwidth=\"off\" use_custom_width=\"off\" width_unit=\"on\" custom_width_px=\"1080px\" custom_width_percent=\"80%\" global_colors_info=\"{}\"][et_pb_column type=\"2_3\" _builder_version=\"3.25\" custom_padding=\"|||\" global_colors_info=\"{}\" custom_padding__hover=\"|||\"][et_pb_text admin_label=\"Texto\" _builder_version=\"3.27.4\" background_size=\"initial\" background_position=\"top_left\" background_repeat=\"repeat\" text_orientation=\"justified\" use_border_color=\"off\" border_style=\"solid\" global_colors_info=\"{}\"]<\/p><h1><span style=\"color: #000000;\">Formulario de contacto<\/span><\/h1><p><span style=\"color: #000000;\">Solicite presupuesto GRATIS y SIN COMPROMISO, rellenando este formulario. Atenci\u00f3n al cliente 24 horas. Precios sin competencia.<\/span><\/p><p>[\/et_pb_text][et_pb_text admin_label=\"Texto\" _builder_version=\"3.27.4\" text_text_color=\"#ffffff\" text_font_size=\"26\" background_color=\"#a043e8\" background_size=\"initial\" background_position=\"top_left\" background_repeat=\"repeat\" custom_padding=\"15px|15px|15px|15px\" use_border_color=\"off\" border_style=\"solid\" global_colors_info=\"{}\"]Solicitud de Presupuesto<br \/>[\/et_pb_text][et_pb_text admin_label=\"Texto\" _builder_version=\"4.4.0\" background_size=\"initial\" background_position=\"top_left\" background_repeat=\"repeat\" hover_enabled=\"0\" use_border_color=\"off\" border_style=\"solid\" global_colors_info=\"{}\" sticky_enabled=\"0\"]<span style=\"color: #000000;\">[contact-form-7 id=\"103\" title=\"Formulario de contacto 1\"]<\/span><\/p><p>\u00a0[\/et_pb_text][\/et_pb_column][et_pb_column type=\"1_3\" _builder_version=\"3.25\" custom_padding=\"|||\" global_colors_info=\"{}\" custom_padding__hover=\"|||\"][et_pb_text admin_label=\"Texto\" _builder_version=\"4.0.6\" background_size=\"initial\" background_position=\"top_left\" background_repeat=\"repeat\" use_border_color=\"off\" border_style=\"solid\" global_colors_info=\"{}\"]<\/p><h3>\u00a0<\/h3><h3><span style=\"color: #000000;\"><strong>Espais per Conviure Coop.V<\/strong><\/span><\/h3><p><span style=\"color: #000000;\">Pza. de Honduras,\u00a026<\/span><\/p><p><span style=\"color: #000000;\">46022-Valencia<\/span><\/p><p><span style=\"color: #000000;\"><strong>Tel\u00e9fono<\/strong>: 602691517 - 693760204<br \/><\/span><\/p><p><span style=\"color: #000000;\"><strong>Correo Electr\u00f3nico<\/strong>:<\/span> <span style=\"color: #800080;\"><a class=\"morado\" style=\"color: #800080;\" href=\"mailto:info@espaisperconviure.es\">info@espaisperconviure.es<\/a><\/span><\/p><p>\u00a0<\/p><p>[\/et_pb_text][\/et_pb_column][\/et_pb_row][\/et_pb_section][et_pb_section fb_built=\"1\" admin_label=\"About Section\" _builder_version=\"4.13.0\" background_color_gradient_start=\"#ffffff\" background_color_gradient_end=\"#e8eefc\" custom_padding=\"3px|0px|5px|0px||\" hover_enabled=\"0\" locked=\"off\" global_colors_info=\"{}\" sticky_enabled=\"0\"][et_pb_row column_structure=\"1_3,2_3\" _builder_version=\"3.25\" custom_margin=\"||70px|\" global_colors_info=\"{}\"][et_pb_column type=\"1_3\" _builder_version=\"3.25\" custom_padding=\"|||\" global_colors_info=\"{}\" custom_padding__hover=\"|||\"][et_pb_text _builder_version=\"4.13.0\" text_font=\"Lato||||||||\" text_text_color=\"#898f99\" text_font_size=\"18px\" text_line_height=\"2em\" header_font=\"||||||||\" header_2_font=\"Lato||||||||\" header_3_font=\"Lato|700|||||||\" header_3_font_size=\"36px\" header_3_line_height=\"1.5em\" custom_margin=\"||||false|false\" hover_enabled=\"0\" global_colors_info=\"{}\" sticky_enabled=\"0\"]<\/p><h3>Contacto<\/h3><p>[\/et_pb_text][et_pb_text admin_label=\"Texto\" _builder_version=\"4.0.6\" background_size=\"initial\" background_position=\"top_left\" background_repeat=\"repeat\" use_border_color=\"off\" border_style=\"solid\" global_colors_info=\"{}\"]<\/p><h3>\u00a0<\/h3><h3><span style=\"color: #000000;\"><strong>Espais per Conviure Coop.V<\/strong><\/span><\/h3><p><span style=\"color: #000000;\">Pza. de Honduras,\u00a026<\/span><\/p><p><span style=\"color: #000000;\">46022-Valencia<\/span><\/p><p><span style=\"color: #000000;\"><strong>Tel\u00e9fono<\/strong>: 602691517 - 693760204<br \/><\/span><\/p><p><span style=\"color: #000000;\"><strong>Correo Electr\u00f3nico<\/strong>:<\/span> <span style=\"color: #800080;\"><a class=\"morado\" style=\"color: #800080;\" href=\"mailto:info@espaisperconviure.es\">info@espaisperconviure.es<\/a><\/span><\/p><p>\u00a0<\/p><p>[\/et_pb_text][\/et_pb_column][et_pb_column type=\"2_3\" _builder_version=\"3.25\" custom_padding=\"|||\" global_colors_info=\"{}\" custom_padding__hover=\"|||\"][et_pb_text _builder_version=\"4.13.0\" _module_preset=\"default\" hover_enabled=\"0\" global_colors_info=\"{}\" sticky_enabled=\"0\"]<\/p><p><span style=\"color: #000000;\">Solicite presupuesto GRATIS y SIN COMPROMISO, rellenando este formulario. Atenci\u00f3n al cliente 24 horas. Precios sin competencia<\/span><\/p><p>[\/et_pb_text][et_pb_contact_form _builder_version=\"4.13.0\" _module_preset=\"default\" hover_enabled=\"0\" sticky_enabled=\"0\" email=\"info@espaisperconviure.es\"][et_pb_contact_field field_id=\"Name\" field_title=\"Nombre\" _builder_version=\"3.16\" global_colors_info=\"{}\" button_text_size__hover_enabled=\"off\" button_one_text_size__hover_enabled=\"off\" button_two_text_size__hover_enabled=\"off\" button_text_color__hover_enabled=\"off\" button_one_text_color__hover_enabled=\"off\" button_two_text_color__hover_enabled=\"off\" button_border_width__hover_enabled=\"off\" button_one_border_width__hover_enabled=\"off\" button_two_border_width__hover_enabled=\"off\" button_border_color__hover_enabled=\"off\" button_one_border_color__hover_enabled=\"off\" button_two_border_color__hover_enabled=\"off\" button_border_radius__hover_enabled=\"off\" button_one_border_radius__hover_enabled=\"off\" button_two_border_radius__hover_enabled=\"off\" button_letter_spacing__hover_enabled=\"off\" button_one_letter_spacing__hover_enabled=\"off\" button_two_letter_spacing__hover_enabled=\"off\" button_bg_color__hover_enabled=\"off\" button_one_bg_color__hover_enabled=\"off\" button_two_bg_color__hover_enabled=\"off\"][\/et_pb_contact_field][et_pb_contact_field field_id=\"Email\" field_title=\"Direcci\u00f3n de correo electr\u00f3nico\" field_type=\"email\" _builder_version=\"3.16\" global_colors_info=\"{}\" button_text_size__hover_enabled=\"off\" button_one_text_size__hover_enabled=\"off\" button_two_text_size__hover_enabled=\"off\" button_text_color__hover_enabled=\"off\" button_one_text_color__hover_enabled=\"off\" button_two_text_color__hover_enabled=\"off\" button_border_width__hover_enabled=\"off\" button_one_border_width__hover_enabled=\"off\" button_two_border_width__hover_enabled=\"off\" button_border_color__hover_enabled=\"off\" button_one_border_color__hover_enabled=\"off\" button_two_border_color__hover_enabled=\"off\" button_border_radius__hover_enabled=\"off\" button_one_border_radius__hover_enabled=\"off\" button_two_border_radius__hover_enabled=\"off\" button_letter_spacing__hover_enabled=\"off\" button_one_letter_spacing__hover_enabled=\"off\" button_two_letter_spacing__hover_enabled=\"off\" button_bg_color__hover_enabled=\"off\" button_one_bg_color__hover_enabled=\"off\" button_two_bg_color__hover_enabled=\"off\"][\/et_pb_contact_field][et_pb_contact_field _builder_version=\"4.13.0\" _module_preset=\"default\" field_id=\"Telefono\" field_title=\"Tel\u00e9fono\" hover_enabled=\"0\" sticky_enabled=\"0\"][\/et_pb_contact_field][et_pb_contact_field fullwidth_field=\"on\" _builder_version=\"4.13.0\" _module_preset=\"default\" field_id=\"Viviendas\" field_title=\" N\u00famero de Viviendas, garages y trasteros\" hover_enabled=\"0\" sticky_enabled=\"0\"][\/et_pb_contact_field][et_pb_contact_field fullwidth_field=\"on\" _builder_version=\"4.13.0\" _module_preset=\"default\" field_type=\"checkbox\" checkbox_options=\"%91{%22value%22:%22Acepto las condiciones de Protecci\u00f3n de Datos y Aviso Legal%22,%22checked%22:0,%22dragID%22:-1}%93\" field_title=\" \" hover_enabled=\"0\" sticky_enabled=\"0\" field_id=\"Field_5\"][\/et_pb_contact_field][\/et_pb_contact_form][\/et_pb_column][\/et_pb_row][\/et_pb_section]<\/p>","_et_gb_content_width":"","footnotes":""},"class_list":["post-334","page","type-page","status-publish","hentry"],"_links":{"self":[{"href":"https:\/\/espaisperconviure.es\/vl\/wp-json\/wp\/v2\/pages\/334","targetHints":{"allow":["GET"]}}],"collection":[{"href":"https:\/\/espaisperconviure.es\/vl\/wp-json\/wp\/v2\/pages"}],"about":[{"href":"https:\/\/espaisperconviure.es\/vl\/wp-json\/wp\/v2\/types\/page"}],"author":[{"embeddable":true,"href":"https:\/\/espaisperconviure.es\/vl\/wp-json\/wp\/v2\/users\/1"}],"replies":[{"embeddable":true,"href":"https:\/\/espaisperconviure.es\/vl\/wp-json\/wp\/v2\/comments?post=334"}],"version-history":[{"count":7,"href":"https:\/\/espaisperconviure.es\/vl\/wp-json\/wp\/v2\/pages\/334\/revisions"}],"predecessor-version":[{"id":432,"href":"https:\/\/espaisperconviure.es\/vl\/wp-json\/wp\/v2\/pages\/334\/revisions\/432"}],"wp:attachment":[{"href":"https:\/\/espaisperconviure.es\/vl\/wp-json\/wp\/v2\/media?parent=334"}],"curies":[{"name":"wp","href":"https:\/\/api.w.org\/{rel}","templated":true}]}}